{"id":1328,"date":"2015-07-14T14:50:38","date_gmt":"2015-07-14T11:50:38","guid":{"rendered":"https:\/\/glyfada-naxos.com\/news-information-naxos-island\/"},"modified":"2018-11-15T18:33:41","modified_gmt":"2018-11-15T16:33:41","slug":"news-information-naxos-island","status":"publish","type":"page","link":"https:\/\/www.glyfada-naxos.com\/fr\/news-information-naxos-island\/","title":{"rendered":"News"},"content":{"rendered":"\n<style type=\"text\/css\" data-created_by=\"avia_inline_auto\" id=\"style-css-av-av_section-c4968528bb5411e20a5b573d4b35a97c\">\n.avia-section.av-av_section-c4968528bb5411e20a5b573d4b35a97c{\nbackground-repeat:no-repeat;\nbackground-image:url(https:\/\/www.glyfada-naxos.com\/wp-content\/uploads\/Glyfada_Panorama.jpg);\nbackground-position:50% 50%;\nbackground-attachment:scroll;\n}\n<\/style>\n<div id='av_section_1'  class='avia-section av-av_section-c4968528bb5411e20a5b573d4b35a97c main_color avia-section-default avia-no-shadow  avia-builder-el-0  el_before_av_section  avia-builder-el-first  avia-full-stretch avia-bg-style-scroll av-minimum-height av-minimum-height-50 av-height-50  container_wrap fullsize'  data-section-bg-repeat='stretch' data-av_minimum_height_pc='50' data-av_min_height_opt='50'><div class='container av-section-cont-open' ><main  class='template-page content  av-content-full alpha units'><div class='post-entry post-entry-type-page post-entry-1328'><div class='entry-content-wrapper clearfix'>\n<\/div><\/div><\/main><!-- close content main element --><\/div><\/div>\n<style type=\"text\/css\" data-created_by=\"avia_inline_auto\" id=\"style-css-av-av_section-84057ea2bd0b656399c10dedb429493a\">\n.avia-section.av-av_section-84057ea2bd0b656399c10dedb429493a{\nbackground-repeat:no-repeat;\nbackground-image:url(https:\/\/www.glyfada-naxos.com\/wp-content\/uploads\/2015\/07\/ornament-bg-top-small-1.png);\nbackground-position:50% 0%;\nbackground-attachment:scroll;\n}\n.avia-section.av-av_section-84057ea2bd0b656399c10dedb429493a .av-extra-border-element .av-extra-border-inner{\nbackground-color:#ffffff;\n}\n<\/style>\n<div id='av_section_2'  class='avia-section av-av_section-84057ea2bd0b656399c10dedb429493a main_color avia-section-huge avia-no-border-styling  avia-builder-el-1  el_after_av_section  avia-builder-el-last  avia-full-contain avia-bg-style-scroll av-arrow-down-section container_wrap fullsize'  data-section-bg-repeat='contain'><div class='container av-section-cont-open' ><div class='template-page content  av-content-full alpha units'><div class='post-entry post-entry-type-page post-entry-1328'><div class='entry-content-wrapper clearfix'>\n\n<style type=\"text\/css\" data-created_by=\"avia_inline_auto\" id=\"style-css-av-av_one_full-89af03f15cbb825a8bac39de208cf7b7\">\n#top .flex_column.av-av_one_full-89af03f15cbb825a8bac39de208cf7b7{\nmargin-top:-200px;\nmargin-bottom:0px;\n}\n.flex_column.av-av_one_full-89af03f15cbb825a8bac39de208cf7b7{\nborder-radius:0px 0px 0px 0px;\npadding:30px 30px 30px 30px;\nbackground-color:#ffffff;\n}\n.responsive #top #wrap_all .flex_column.av-av_one_full-89af03f15cbb825a8bac39de208cf7b7{\nmargin-top:-200px;\nmargin-bottom:0px;\n}\n<\/style>\n<div  class='flex_column av-av_one_full-89af03f15cbb825a8bac39de208cf7b7 av_one_full  avia-builder-el-2  el_before_av_hr  avia-builder-el-first  first flex_column_div  '     ><style type=\"text\/css\" data-created_by=\"avia_inline_auto\" id=\"style-css-av-av_heading-dbde235bfe285b5fdd91ba9e0aeb2099\">\n#top .av-special-heading.av-av_heading-dbde235bfe285b5fdd91ba9e0aeb2099{\npadding-bottom:20px;\nfont-size:40px;\n}\nbody .av-special-heading.av-av_heading-dbde235bfe285b5fdd91ba9e0aeb2099 .av-special-heading-tag .heading-char{\nfont-size:25px;\n}\n#top #wrap_all .av-special-heading.av-av_heading-dbde235bfe285b5fdd91ba9e0aeb2099 .av-special-heading-tag{\nfont-size:40px;\n}\n.av-special-heading.av-av_heading-dbde235bfe285b5fdd91ba9e0aeb2099 .av-subheading{\nfont-size:15px;\n}\n\n@media only screen and (min-width: 480px) and (max-width: 767px){ \n#top #wrap_all .av-special-heading.av-av_heading-dbde235bfe285b5fdd91ba9e0aeb2099 .av-special-heading-tag{\nfont-size:0.8em;\n}\n}\n\n@media only screen and (max-width: 479px){ \n#top #wrap_all .av-special-heading.av-av_heading-dbde235bfe285b5fdd91ba9e0aeb2099 .av-special-heading-tag{\nfont-size:0.8em;\n}\n}\n<\/style>\n<div  class='av-special-heading av-av_heading-dbde235bfe285b5fdd91ba9e0aeb2099 av-special-heading-h1 blockquote modern-quote modern-centered  avia-builder-el-3  avia-builder-el-no-sibling  av-inherit-size'><h1 class='av-special-heading-tag '  >Actualit\u00e9s &#8211; Derni\u00e8res informations sur notre h\u00f4tel et notre \u00e9quipe<\/h1><div class=\"special-heading-border\"><div class=\"special-heading-inner-border\"><\/div><\/div><\/div><\/div>\n<style type=\"text\/css\" data-created_by=\"avia_inline_auto\" id=\"style-css-av-av_hr-2b8239e04bf9a955116b5980da354bf8\">\n#top .hr.av-av_hr-2b8239e04bf9a955116b5980da354bf8{\nmargin-top:0px;\nmargin-bottom:70px;\n}\n.hr.av-av_hr-2b8239e04bf9a955116b5980da354bf8 .hr-inner{\nwidth:50px;\nborder-color:#f8f8f8;\nmax-width:45%;\n}\n.hr.av-av_hr-2b8239e04bf9a955116b5980da354bf8 .av-seperator-icon{\ncolor:#8dc2db;\n}\n.hr.av-av_hr-2b8239e04bf9a955116b5980da354bf8 .av-seperator-icon.avia-svg-icon svg:first-child{\nfill:#8dc2db;\nstroke:#8dc2db;\n}\n<\/style>\n<div  class='hr av-av_hr-2b8239e04bf9a955116b5980da354bf8 hr-custom  avia-builder-el-4  el_after_av_one_full  el_before_av_textblock  hr-center hr-icon-yes'><span class='hr-inner inner-border-av-border-fat'><span class=\"hr-inner-style\"><\/span><\/span><span class='av-seperator-icon avia-iconfont avia-font-entypo-fontello' data-av_icon='\ue8ce' data-av_iconfont='entypo-fontello' ><\/span><span class='hr-inner inner-border-av-border-fat'><span class=\"hr-inner-style\"><\/span><\/span><\/div>\n<section  class='av_textblock_section av-av_textblock-0366cc7376be6c9e82a3e9cc8987b64f '  ><div class='avia_textblock' ><p style=\"text-align: center;\">Lisez nos nouvelles sur Glyfada, Naxos Island \u00e9v\u00e9nements, festivals, \u00e0 propos de nous et nos offres saisonni\u00e8res et les promotions.<\/p>\n<\/div><\/section>\n\n<style type=\"text\/css\" data-created_by=\"avia_inline_auto\" id=\"style-css-av-av_one_full-d71a51a707c4656b37c9afbbd6138215\">\n.flex_column.av-av_one_full-d71a51a707c4656b37c9afbbd6138215{\nborder-radius:0px 0px 0px 0px;\npadding:0px 0px 0px 0px;\n}\n<\/style>\n<div  class='flex_column av-av_one_full-d71a51a707c4656b37c9afbbd6138215 av_one_full  avia-builder-el-6  el_after_av_textblock  avia-builder-el-last  first flex_column_div av-animated-generic bottom-to-top av-zero-column-padding  column-top-margin'     ><div id='av-masonry-1' class='av-masonry av-av_masonry_entries-b1265fb0458eaa73d86d550d696f9998 noHover av-fixed-size av-large-gap av-hover-overlay-active av-masonry-animation-active av-masonry-col-3 av-caption-always av-caption-style- av-masonry-entries ' data-post_id=\"1328\"><div class=\"av-masonry-container isotope av-js-disabled\"><div class='av-masonry-entry isotope-item av-masonry-item-no-image '><\/div><a href=\"http:\/\/www.iksurfmag.com\/travel-guides\/europe\/greece\/naxos-island\/\"  id='av-masonry-1-item-1337' data-av-masonry-item='1337' class='av-masonry-entry isotope-item post-1337 post type-post status-publish format-link hentry category-personal-fr tag-fun-fr post_format-post-format-link  av-masonry-item-no-image' title=\"Our local Naxos kitesurf Club featured on iksurf magazine!\"  ><div class='av-inner-masonry-sizer'><\/div><figure class='av-inner-masonry main_color'><figcaption class='av-inner-masonry-content site-background'><div class='av-inner-masonry-content-pos'><div class='av-inner-masonry-content-pos-content'><div class='avia-arrow'><\/div><span class='av-icon-display avia-svg-icon avia-font-svg_entypo-fontello' data-av_svg_icon='link' data-av_iconset='svg_entypo-fontello'><svg version=\"1.1\" xmlns=\"http:\/\/www.w3.org\/2000\/svg\" width=\"26\" height=\"32\" viewBox=\"0 0 26 32\" preserveAspectRatio=\"xMidYMid meet\" role=\"graphics-symbol\" aria-hidden=\"true\">\n<path d=\"M9.408 23.488q0.448-0.448 1.088-0.448t1.152 0.448q1.024 1.088 0 2.24l-1.344 1.28q-1.792 1.792-4.224 1.792-2.496 0-4.288-1.792t-1.792-4.224q0-2.496 1.792-4.288l4.736-4.736q2.24-2.176 4.608-2.464t4.096 1.376q0.512 0.512 0.512 1.152t-0.512 1.152q-1.152 1.024-2.24 0-1.6-1.536-4.224 1.088l-4.736 4.672q-0.832 0.832-0.832 2.048t0.832 1.984q0.832 0.832 2.016 0.832t2.016-0.832zM23.808 5.12q1.792 1.792 1.792 4.224 0 2.496-1.792 4.288l-5.056 5.056q-2.368 2.304-4.8 2.304-1.984 0-3.584-1.6-0.448-0.448-0.448-1.088t0.448-1.152q0.448-0.448 1.12-0.448t1.12 0.448q1.6 1.536 3.904-0.768l5.056-4.992q0.896-0.896 0.896-2.048 0-1.216-0.896-1.984-0.768-0.832-1.792-0.992t-1.92 0.672l-1.6 1.6q-0.512 0.448-1.152 0.448t-1.088-0.448q-1.088-1.088 0-2.24l1.6-1.6q1.728-1.728 4.064-1.632t4.128 1.952z\"><\/path>\n<\/svg><\/span><h3 class='av-masonry-entry-title entry-title ' >Our local Naxos kitesurf Club featured on iksurf magazine!<\/h3><span class='av-masonry-date meta-color updated'>30 novembre 2016<\/span><span class=\"av-masonry-text-sep text-sep-author\">\/<\/span><span class='av-masonry-author meta-color author'><span class='fn'>par Marousa<\/span><\/span><\/div><\/div><\/figcaption><\/figure><\/a><!--end av-masonry entry--><\/div><\/div><\/div>\n\n","protected":false},"excerpt":{"rendered":"","protected":false},"author":1,"featured_media":0,"parent":0,"menu_order":0,"comment_status":"open","ping_status":"closed","template":"","meta":{"_seopress_robots_primary_cat":"","_seopress_titles_title":"Actualit\u00e9s | Glyfada Naxos","_seopress_titles_desc":"Derni\u00e8res informations sur notre h\u00f4tel et notre \u00e9quipe","_seopress_robots_index":"","footnotes":""},"class_list":["post-1328","page","type-page","status-publish","hentry"],"_links":{"self":[{"href":"https:\/\/www.glyfada-naxos.com\/fr\/wp-json\/wp\/v2\/pages\/1328","targetHints":{"allow":["GET"]}}],"collection":[{"href":"https:\/\/www.glyfada-naxos.com\/fr\/wp-json\/wp\/v2\/pages"}],"about":[{"href":"https:\/\/www.glyfada-naxos.com\/fr\/wp-json\/wp\/v2\/types\/page"}],"author":[{"embeddable":true,"href":"https:\/\/www.glyfada-naxos.com\/fr\/wp-json\/wp\/v2\/users\/1"}],"replies":[{"embeddable":true,"href":"https:\/\/www.glyfada-naxos.com\/fr\/wp-json\/wp\/v2\/comments?post=1328"}],"version-history":[{"count":0,"href":"https:\/\/www.glyfada-naxos.com\/fr\/wp-json\/wp\/v2\/pages\/1328\/revisions"}],"wp:attachment":[{"href":"https:\/\/www.glyfada-naxos.com\/fr\/wp-json\/wp\/v2\/media?parent=1328"}],"curies":[{"name":"wp","href":"https:\/\/api.w.org\/{rel}","templated":true}]}}