{"id":1292,"date":"2017-02-01T19:17:31","date_gmt":"2017-02-01T17:17:31","guid":{"rendered":"https:\/\/glyfada-naxos.com\/?page_id=1292\/"},"modified":"2021-07-26T00:30:57","modified_gmt":"2021-07-25T21:30:57","slug":"services","status":"publish","type":"page","link":"https:\/\/www.glyfada-naxos.com\/fr\/services\/","title":{"rendered":"Services"},"content":{"rendered":"<div id='full_slider_1'  class='avia-fullwidth-slider main_color avia-shadow   avia-builder-el-0  el_before_av_section  avia-builder-el-first   container_wrap fullsize'  ><div  class='avia-slideshow av-1fta8ek-b382cc6c5ff8a092ed8060e5a83ab5b6 avia-slideshow-featured_large av_slideshow_full avia-fade-slider av-slideshow-ui av-control-hidden av-no-slider-navigation av-hide-nav-arrows av-slideshow-autoplay av-loop-endless av-loop-manual-endless av-default-height-applied   avia-slideshow-1' data-slideshow-options=\"{&quot;animation&quot;:&quot;fade&quot;,&quot;autoplay&quot;:true,&quot;loop_autoplay&quot;:&quot;endless&quot;,&quot;interval&quot;:5,&quot;loop_manual&quot;:&quot;manual-endless&quot;,&quot;autoplay_stopper&quot;:false,&quot;noNavigation&quot;:true,&quot;bg_slider&quot;:false,&quot;keep_padding&quot;:false,&quot;hoverpause&quot;:false,&quot;show_slide_delay&quot;:0}\" ><ul class='avia-slideshow-inner ' style='padding-bottom: 42%;'><li  class='avia-slideshow-slide av-1fta8ek-b382cc6c5ff8a092ed8060e5a83ab5b6__0  slide-1 slide-odd'><div data-rel='slideshow-1' class='avia-slide-wrap '   ><img decoding=\"async\" fetchpriority=\"high\" class=\"wp-image-2086 avia-img-lazy-loading-not-2086\"  src=\"https:\/\/www.glyfada-naxos.com\/wp-content\/uploads\/2016\/10\/glyfada_naxos_flower.jpg\" width=\"1500\" height=\"630\" title='glyfada naxos flower' alt='' srcset=\"https:\/\/www.glyfada-naxos.com\/wp-content\/uploads\/2016\/10\/glyfada_naxos_flower.jpg 1500w, https:\/\/www.glyfada-naxos.com\/wp-content\/uploads\/2016\/10\/glyfada_naxos_flower-300x126.jpg 300w, https:\/\/www.glyfada-naxos.com\/wp-content\/uploads\/2016\/10\/glyfada_naxos_flower-768x323.jpg 768w, https:\/\/www.glyfada-naxos.com\/wp-content\/uploads\/2016\/10\/glyfada_naxos_flower-1030x433.jpg 1030w, https:\/\/www.glyfada-naxos.com\/wp-content\/uploads\/2016\/10\/glyfada_naxos_flower-705x296.jpg 705w, https:\/\/www.glyfada-naxos.com\/wp-content\/uploads\/2016\/10\/glyfada_naxos_flower-450x189.jpg 450w\" sizes=\"(max-width: 1500px) 100vw, 1500px\" \/><\/div><\/li><li  class='avia-slideshow-slide av-1fta8ek-b382cc6c5ff8a092ed8060e5a83ab5b6__1  slide-2 slide-even'><div data-rel='slideshow-1' class='avia-slide-wrap '   ><img decoding=\"async\" fetchpriority=\"high\" class=\"wp-image-2082 avia-img-lazy-loading-not-2082\"  src=\"https:\/\/www.glyfada-naxos.com\/wp-content\/uploads\/2016\/10\/glyfada_naxos_breakfast.jpg\" width=\"1500\" height=\"630\" title='glyfada_naxos_breakfast' alt='' srcset=\"https:\/\/www.glyfada-naxos.com\/wp-content\/uploads\/2016\/10\/glyfada_naxos_breakfast.jpg 1500w, https:\/\/www.glyfada-naxos.com\/wp-content\/uploads\/2016\/10\/glyfada_naxos_breakfast-300x126.jpg 300w, https:\/\/www.glyfada-naxos.com\/wp-content\/uploads\/2016\/10\/glyfada_naxos_breakfast-768x323.jpg 768w, https:\/\/www.glyfada-naxos.com\/wp-content\/uploads\/2016\/10\/glyfada_naxos_breakfast-1030x433.jpg 1030w, https:\/\/www.glyfada-naxos.com\/wp-content\/uploads\/2016\/10\/glyfada_naxos_breakfast-705x296.jpg 705w, https:\/\/www.glyfada-naxos.com\/wp-content\/uploads\/2016\/10\/glyfada_naxos_breakfast-450x189.jpg 450w\" sizes=\"(max-width: 1500px) 100vw, 1500px\" \/><\/div><\/li><li  class='avia-slideshow-slide av-1fta8ek-b382cc6c5ff8a092ed8060e5a83ab5b6__2  slide-3 slide-odd'><div data-rel='slideshow-1' class='avia-slide-wrap '   ><img decoding=\"async\" fetchpriority=\"high\" class=\"wp-image-2078 avia-img-lazy-loading-not-2078\"  src=\"https:\/\/www.glyfada-naxos.com\/wp-content\/uploads\/2016\/10\/Glyfada_Naxos_balcony.jpg\" width=\"1500\" height=\"630\" title='glyfada_naxos_balcony' alt='' srcset=\"https:\/\/www.glyfada-naxos.com\/wp-content\/uploads\/2016\/10\/Glyfada_Naxos_balcony.jpg 1500w, https:\/\/www.glyfada-naxos.com\/wp-content\/uploads\/2016\/10\/Glyfada_Naxos_balcony-300x126.jpg 300w, https:\/\/www.glyfada-naxos.com\/wp-content\/uploads\/2016\/10\/Glyfada_Naxos_balcony-768x323.jpg 768w, https:\/\/www.glyfada-naxos.com\/wp-content\/uploads\/2016\/10\/Glyfada_Naxos_balcony-1030x433.jpg 1030w, https:\/\/www.glyfada-naxos.com\/wp-content\/uploads\/2016\/10\/Glyfada_Naxos_balcony-705x296.jpg 705w, https:\/\/www.glyfada-naxos.com\/wp-content\/uploads\/2016\/10\/Glyfada_Naxos_balcony-450x189.jpg 450w\" sizes=\"(max-width: 1500px) 100vw, 1500px\" \/><\/div><\/li><\/ul><div class='avia-slideshow-arrows avia-slideshow-controls' ><a href='#prev' class='prev-slide  avia-svg-icon avia-font-svg_entypo-fontello' data-av_svg_icon='left-open-big' data-av_iconset='svg_entypo-fontello' tabindex='-1' title=\"Pr\u00e9c\u00e9dent\"><svg version=\"1.1\" xmlns=\"http:\/\/www.w3.org\/2000\/svg\" width=\"15\" height=\"32\" viewBox=\"0 0 15 32\" preserveAspectRatio=\"xMidYMid meet\" aria-labelledby='av-svg-title-1' aria-describedby='av-svg-desc-1' role=\"graphics-symbol\" aria-hidden=\"true\">\n<title id='av-svg-title-1'>Pr\u00e9c\u00e9dent<\/title>\n<desc id='av-svg-desc-1'>Pr\u00e9c\u00e9dent<\/desc>\n<path d=\"M14.464 27.84q0.832 0.832 0 1.536-0.832 0.832-1.536 0l-12.544-12.608q-0.768-0.768 0-1.6l12.544-12.608q0.704-0.832 1.536 0 0.832 0.704 0 1.536l-11.456 11.904z\"><\/path>\n<\/svg><span class='avia_hidden_link_text'>Pr\u00e9c\u00e9dent<\/span><\/a><a href='#next' class='next-slide  avia-svg-icon avia-font-svg_entypo-fontello' data-av_svg_icon='right-open-big' data-av_iconset='svg_entypo-fontello' tabindex='-1' title=\"Suivant\"><svg version=\"1.1\" xmlns=\"http:\/\/www.w3.org\/2000\/svg\" width=\"15\" height=\"32\" viewBox=\"0 0 15 32\" preserveAspectRatio=\"xMidYMid meet\" aria-labelledby='av-svg-title-2' aria-describedby='av-svg-desc-2' role=\"graphics-symbol\" aria-hidden=\"true\">\n<title id='av-svg-title-2'>Suivant<\/title>\n<desc id='av-svg-desc-2'>Suivant<\/desc>\n<path d=\"M0.416 27.84l11.456-11.84-11.456-11.904q-0.832-0.832 0-1.536 0.832-0.832 1.536 0l12.544 12.608q0.768 0.832 0 1.6l-12.544 12.608q-0.704 0.832-1.536 0-0.832-0.704 0-1.536z\"><\/path>\n<\/svg><span class='avia_hidden_link_text'>Suivant<\/span><\/a><\/div><\/div><\/div>\n\n<style type=\"text\/css\" data-created_by=\"avia_inline_auto\" id=\"style-css-av-195cjm4-aa5540d423d37468e9aade9b02dcfc53\">\n.avia-section.av-195cjm4-aa5540d423d37468e9aade9b02dcfc53 .av-extra-border-element .av-extra-border-inner{\nbackground-color:#ffffff;\n}\n<\/style>\n<div id='av_section_1'  class='avia-section av-195cjm4-aa5540d423d37468e9aade9b02dcfc53 main_color avia-section-default avia-shadow  avia-builder-el-1  el_after_av_slideshow_full  el_before_av_layout_row  avia-bg-style-scroll av-arrow-down-section container_wrap fullsize'  ><div class='container av-section-cont-open' ><div class='template-page content  av-content-full alpha units'><div class='post-entry post-entry-type-page post-entry-1292'><div class='entry-content-wrapper clearfix'>\n\n<style type=\"text\/css\" data-created_by=\"avia_inline_auto\" id=\"style-css-av-18kty3w-26b7d1fe7e134939581973d8c8486066\">\n#top .av-special-heading.av-18kty3w-26b7d1fe7e134939581973d8c8486066{\npadding-bottom:10px;\n}\nbody .av-special-heading.av-18kty3w-26b7d1fe7e134939581973d8c8486066 .av-special-heading-tag .heading-char{\nfont-size:25px;\n}\n.av-special-heading.av-18kty3w-26b7d1fe7e134939581973d8c8486066 .av-subheading{\nfont-size:15px;\n}\n<\/style>\n<div  class='av-special-heading av-18kty3w-26b7d1fe7e134939581973d8c8486066 av-special-heading-h3 blockquote modern-quote  avia-builder-el-2  avia-builder-el-no-sibling '><h3 class='av-special-heading-tag '  >Services Glyfada Naxos<\/h3><div class='av-subheading av-subheading_below'><p>Nous sommes impatients de vous accueillir dans notre complexe enti\u00e8rement \u00e9quip\u00e9, o\u00f9 notre environnement accueillant est s\u00fbr de vous garantir un s\u00e9jour agr\u00e9able.<\/p>\n<\/div><div class=\"special-heading-border\"><div class=\"special-heading-inner-border\"><\/div><\/div><\/div>\n\n<\/div><\/div><\/div><!-- close content main div --><\/div><div class='av-extra-border-element border-extra-arrow-down'><div class='av-extra-border-outer'><div class='av-extra-border-inner'><\/div><\/div><\/div><\/div><div id='av-layout-grid-1'  class='av-layout-grid-container av-16zcrd8-a42c47e2e5daf583676abde1b284a74f entry-content-wrapper main_color av-flex-cells  avia-builder-el-3  el_after_av_section  avia-builder-el-last  grid-row-not-first  container_wrap fullsize'  >\n\n<style type=\"text\/css\" data-created_by=\"avia_inline_auto\" id=\"style-css-av-142jebg-e707096231b3399c1b2af9b2250ef2ea\">\n.flex_cell.av-142jebg-e707096231b3399c1b2af9b2250ef2ea{\nvertical-align:top;\n}\n.responsive #top #wrap_all .flex_cell.av-142jebg-e707096231b3399c1b2af9b2250ef2ea{\npadding:30px 30px 30px 30px !important;\n}\n<\/style>\n<div class='flex_cell av-142jebg-e707096231b3399c1b2af9b2250ef2ea av-gridrow-cell av_one_third no_margin  avia-builder-el-4  el_before_av_cell_one_third  avia-builder-el-first  content-align-top'  ><div class='flex_cell_inner'><section  class='av_textblock_section av-13mmhbg-fc7e4802cf45c796d19a18ab446e0cac '  ><div class='avia_textblock' ><h5>Tous les studios et appartements disposent de:<\/h5>\n<\/div><\/section><br \/>\n<div  class='avia-icon-list-container av-118nhkc-7bd16b5acf8cfa150b292096e53a575a  avia-builder-el-6  el_after_av_textblock  avia-builder-el-last '><ul class='avia-icon-list avia_animate_when_almost_visible avia-icon-list-left av-iconlist-small av-118nhkc-7bd16b5acf8cfa150b292096e53a575a avia-iconlist-animate'>\n<li><div class='iconlist_icon av-zn1dcs-d8af215bf6c05ad92ef56b97f39823bd avia-font-entypo-fontello avia-iconfont avia-font-entypo-fontello'><span class='av-icon-char' data-av_icon='\ue8d6' data-av_iconfont='entypo-fontello' aria-hidden=\"true\"><\/span><\/div><article class=\"article-icon-entry av-iconlist-empty\" ><div class=\"iconlist_content_wrap\"><header class=\"entry-content-header\" aria-label=\"Ic\u00f4ne : Air conditionn\u00e9\"><div class='av_iconlist_title iconlist_title_small  ' >Air conditionn\u00e9<\/div><\/header><div class='iconlist_content ' ><\/div><\/div><footer class=\"entry-footer\"><\/footer><\/article><div class=\"iconlist-timeline\"><\/div><\/li>\n<li><div class='iconlist_icon av-yhote4-cd4bc0404ff01a0b496df4023ec04a5d avia-font-entypo-fontello avia-iconfont avia-font-entypo-fontello'><span class='av-icon-char' data-av_icon='\ue8ab' data-av_iconfont='entypo-fontello' aria-hidden=\"true\"><\/span><\/div><article class=\"article-icon-entry av-iconlist-empty\" ><div class=\"iconlist_content_wrap\"><header class=\"entry-content-header\" aria-label=\"Ic\u00f4ne : TV avec \u00e9cran LCD\"><div class='av_iconlist_title iconlist_title_small  ' >TV avec \u00e9cran LCD<\/div><\/header><div class='iconlist_content ' ><\/div><\/div><footer class=\"entry-footer\"><\/footer><\/article><div class=\"iconlist-timeline\"><\/div><\/li>\n<li><div class='iconlist_icon av-w8i5cc-7ffc3d8a931a2252b54be5b529f83116 avia-font-entypo-fontello avia-iconfont avia-font-entypo-fontello'><span class='av-icon-char' data-av_icon='\ue812' data-av_iconfont='entypo-fontello' aria-hidden=\"true\"><\/span><\/div><article class=\"article-icon-entry av-iconlist-empty\" ><div class=\"iconlist_content_wrap\"><header class=\"entry-content-header\" aria-label=\"Ic\u00f4ne : Cuisines enti\u00e8rement \u00e9quip\u00e9es\"><div class='av_iconlist_title iconlist_title_small  ' >Cuisines enti\u00e8rement \u00e9quip\u00e9es<\/div><\/header><div class='iconlist_content ' ><\/div><\/div><footer class=\"entry-footer\"><\/footer><\/article><div class=\"iconlist-timeline\"><\/div><\/li>\n<li><div class='iconlist_icon av-u5agho-df71bfe0bc7e55e58cb4df6fe1894554 avia-font-entypo-fontello avia-iconfont avia-font-entypo-fontello'><span class='av-icon-char' data-av_icon='\ue8cc' data-av_iconfont='entypo-fontello' aria-hidden=\"true\"><\/span><\/div><article class=\"article-icon-entry av-iconlist-empty\" ><div class=\"iconlist_content_wrap\"><header class=\"entry-content-header\" aria-label=\"Ic\u00f4ne : Salle de bain priv\u00e9e avec douche\"><div class='av_iconlist_title iconlist_title_small  ' >Salle de bain priv\u00e9e avec douche<\/div><\/header><div class='iconlist_content ' ><\/div><\/div><footer class=\"entry-footer\"><\/footer><\/article><div class=\"iconlist-timeline\"><\/div><\/li>\n<li><div class='iconlist_icon av-t6oj3g-81092c4bdcf54469405888c5841dca8c avia-font-entypo-fontello avia-iconfont avia-font-entypo-fontello'><span class='av-icon-char' data-av_icon='\ue812' data-av_iconfont='entypo-fontello' aria-hidden=\"true\"><\/span><\/div><article class=\"article-icon-entry av-iconlist-empty\" ><div class=\"iconlist_content_wrap\"><header class=\"entry-content-header\" aria-label=\"Ic\u00f4ne : Balcons privatifs avec vue sur la mer\"><div class='av_iconlist_title iconlist_title_small  ' >Balcons privatifs avec vue sur la mer<\/div><\/header><div class='iconlist_content ' ><\/div><\/div><footer class=\"entry-footer\"><\/footer><\/article><div class=\"iconlist-timeline\"><\/div><\/li>\n<li><div class='iconlist_icon av-rqubgc-e29c44909f24ddbe3aabfcc55a17fae9 avia-font-entypo-fontello avia-iconfont avia-font-entypo-fontello'><span class='av-icon-char' data-av_icon='\ue8a7' data-av_iconfont='entypo-fontello' aria-hidden=\"true\"><\/span><\/div><article class=\"article-icon-entry av-iconlist-empty\" ><div class=\"iconlist_content_wrap\"><header class=\"entry-content-header\" aria-label=\"Ic\u00f4ne : Acc\u00e8s Internet\"><div class='av_iconlist_title iconlist_title_small  ' >Acc\u00e8s Internet<\/div><\/header><div class='iconlist_content ' ><\/div><\/div><footer class=\"entry-footer\"><\/footer><\/article><div class=\"iconlist-timeline\"><\/div><\/li>\n<\/ul><\/div><\/p>\n<\/div><\/div>\n<style type=\"text\/css\" data-created_by=\"avia_inline_auto\" id=\"style-css-av-p9vat8-1f0727d8b576ec1b9c096cba2eb19135\">\n.flex_cell.av-p9vat8-1f0727d8b576ec1b9c096cba2eb19135{\nvertical-align:top;\n}\n.responsive #top #wrap_all .flex_cell.av-p9vat8-1f0727d8b576ec1b9c096cba2eb19135{\npadding:30px 30px 30px 30px !important;\n}\n<\/style>\n<div class='flex_cell av-p9vat8-1f0727d8b576ec1b9c096cba2eb19135 av-gridrow-cell av_one_third no_margin  avia-builder-el-7  el_after_av_cell_one_third  el_before_av_cell_one_third  content-align-top'  ><div class='flex_cell_inner'><section  class='av_textblock_section av-2fz924-ae12675cb9deb4cf81f777404d6f1d42 '  ><div class='avia_textblock' ><h5>Facilities:<\/h5>\n<\/div><\/section><br \/>\n<div  class='avia-icon-list-container av-jpohro78-73194c53054ddabb9b88832037221cc6  avia-builder-el-9  el_after_av_textblock  avia-builder-el-last '><ul class='avia-icon-list avia_animate_when_almost_visible avia-icon-list-left av-iconlist-small av-jpohro78-73194c53054ddabb9b88832037221cc6 avia-iconlist-animate'>\n<li><div class='iconlist_icon av-m9doyk-d351b14b22c9d92663fe650688226e13 avia-font-entypo-fontello avia-iconfont avia-font-entypo-fontello'><span class='av-icon-char' data-av_icon='\ue812' data-av_iconfont='entypo-fontello' aria-hidden=\"true\"><\/span><\/div><article class=\"article-icon-entry av-iconlist-empty\" ><div class=\"iconlist_content_wrap\"><header class=\"entry-content-header\" aria-label=\"Ic\u00f4ne : Restaurant servant tous les repas\"><div class='av_iconlist_title iconlist_title_small  ' >Restaurant servant tous les repas<\/div><\/header><div class='iconlist_content ' ><\/div><\/div><footer class=\"entry-footer\"><\/footer><\/article><div class=\"iconlist-timeline\"><\/div><\/li>\n<li><div class='iconlist_icon av-254azg-e3bcd1552488c611f90ebecf169ddef1 avia-font-entypo-fontello avia-iconfont avia-font-entypo-fontello'><span class='av-icon-char' data-av_icon='\ue812' data-av_iconfont='entypo-fontello' aria-hidden=\"true\"><\/span><\/div><article class=\"article-icon-entry av-iconlist-empty\" ><div class=\"iconlist_content_wrap\"><header class=\"entry-content-header\" aria-label=\"Ic\u00f4ne : Parking \"><div class='av_iconlist_title iconlist_title_small  ' >Parking <\/div><\/header><div class='iconlist_content ' ><\/div><\/div><footer class=\"entry-footer\"><\/footer><\/article><div class=\"iconlist-timeline\"><\/div><\/li>\n<li><div class='iconlist_icon av-ju16ss-987064b47a7a4f5c8ff6eb3a9a4238a4 avia-font-entypo-fontello avia-iconfont avia-font-entypo-fontello'><span class='av-icon-char' data-av_icon='\ue812' data-av_iconfont='entypo-fontello' aria-hidden=\"true\"><\/span><\/div><article class=\"article-icon-entry av-iconlist-empty\" ><div class=\"iconlist_content_wrap\"><header class=\"entry-content-header\" aria-label=\"Ic\u00f4ne : Jardin d\u2019enfant\"><div class='av_iconlist_title iconlist_title_small  ' >Jardin d\u2019enfant<\/div><\/header><div class='iconlist_content ' ><\/div><\/div><footer class=\"entry-footer\"><\/footer><\/article><div class=\"iconlist-timeline\"><\/div><\/li>\n<li><div class='iconlist_icon av-gyu4ik-b6caefaaa0c892b2c794c8b0c9807300 avia-font-entypo-fontello avia-iconfont avia-font-entypo-fontello'><span class='av-icon-char' data-av_icon='\ue8cc' data-av_iconfont='entypo-fontello' aria-hidden=\"true\"><\/span><\/div><article class=\"article-icon-entry av-iconlist-empty\" ><div class=\"iconlist_content_wrap\"><header class=\"entry-content-header\" aria-label=\"Ic\u00f4ne : Douche ext\u00e9rieure\"><div class='av_iconlist_title iconlist_title_small  ' >Douche ext\u00e9rieure<\/div><\/header><div class='iconlist_content ' ><\/div><\/div><footer class=\"entry-footer\"><\/footer><\/article><div class=\"iconlist-timeline\"><\/div><\/li>\n<li><div class='iconlist_icon av-1k2mr0-b71b53a7dbbaa7fdb42dd28c96c43a72 avia-font-entypo-fontello avia-iconfont avia-font-entypo-fontello'><span class='av-icon-char' data-av_icon='\ue824' data-av_iconfont='entypo-fontello' aria-hidden=\"true\"><\/span><\/div><article class=\"article-icon-entry av-iconlist-empty\" ><div class=\"iconlist_content_wrap\"><header class=\"entry-content-header\" aria-label=\"Ic\u00f4ne : Coffre-fort\"><div class='av_iconlist_title iconlist_title_small  ' >Coffre-fort<\/div><\/header><div class='iconlist_content ' ><\/div><\/div><footer class=\"entry-footer\"><\/footer><\/article><div class=\"iconlist-timeline\"><\/div><\/li>\n<\/ul><\/div><\/p>\n<\/div><\/div>\n<style type=\"text\/css\" data-created_by=\"avia_inline_auto\" id=\"style-css-av-e54uyk-93957303a44b72008b462e0810543307\">\n.flex_cell.av-e54uyk-93957303a44b72008b462e0810543307{\nvertical-align:top;\n}\n.responsive #top #wrap_all .flex_cell.av-e54uyk-93957303a44b72008b462e0810543307{\npadding:30px 30px 30px 30px !important;\n}\n<\/style>\n<div class='flex_cell av-e54uyk-93957303a44b72008b462e0810543307 av-gridrow-cell av_one_third no_margin  avia-builder-el-10  el_after_av_cell_one_third  avia-builder-el-last  content-align-top'  ><div class='flex_cell_inner'><section  class='av_textblock_section av-cwdpf0-f5c037245cebe9dba211090b0548cb31 '  ><div class='avia_textblock' ><h5>Services:<\/h5>\n<\/div><\/section><br \/>\n<div  class='avia-icon-list-container av-a54qvg-5cdb1028e460b92f320cb321eededfd8  avia-builder-el-12  el_after_av_textblock  avia-builder-el-last '><ul class='avia-icon-list avia_animate_when_almost_visible avia-icon-list-left av-iconlist-small av-a54qvg-5cdb1028e460b92f320cb321eededfd8 avia-iconlist-animate'>\n<li><div class='iconlist_icon av-9a84v0-896a7ea42bf7160356dcabf3e69de2bc avia-font-entypo-fontello avia-iconfont avia-font-entypo-fontello'><span class='av-icon-char' data-av_icon='\ue812' data-av_iconfont='entypo-fontello' aria-hidden=\"true\"><\/span><\/div><article class=\"article-icon-entry av-iconlist-empty\" ><div class=\"iconlist_content_wrap\"><header class=\"entry-content-header\" aria-label=\"Ic\u00f4ne : Service de m\u00e9nage quotidien\"><div class='av_iconlist_title iconlist_title_small  ' >Service de m\u00e9nage quotidien<\/div><\/header><div class='iconlist_content ' ><\/div><\/div><footer class=\"entry-footer\"><\/footer><\/article><div class=\"iconlist-timeline\"><\/div><\/li>\n<li><div class='iconlist_icon av-871ljg-63aee2064c5659dc2a06821fcbedd82f avia-font-entypo-fontello avia-iconfont avia-font-entypo-fontello'><span class='av-icon-char' data-av_icon='\ue812' data-av_iconfont='entypo-fontello' aria-hidden=\"true\"><\/span><\/div><article class=\"article-icon-entry av-iconlist-empty\" ><div class=\"iconlist_content_wrap\"><header class=\"entry-content-header\" aria-label=\"Ic\u00f4ne : Changement de linge tous les 3 jours\"><div class='av_iconlist_title iconlist_title_small  ' >Changement de linge tous les 3 jours<\/div><\/header><div class='iconlist_content ' ><\/div><\/div><footer class=\"entry-footer\"><\/footer><\/article><div class=\"iconlist-timeline\"><\/div><\/li>\n<li><div class='iconlist_icon av-5osxdo-966e865c3e8b8ce2be66e24c7f5916cf avia-font-entypo-fontello avia-iconfont avia-font-entypo-fontello'><span class='av-icon-char' data-av_icon='\ue812' data-av_iconfont='entypo-fontello' aria-hidden=\"true\"><\/span><\/div><article class=\"article-icon-entry av-iconlist-empty\" ><div class=\"iconlist_content_wrap\"><header class=\"entry-content-header\" aria-label=\"Ic\u00f4ne : Changement de serviettes tous les 2 jours\"><div class='av_iconlist_title iconlist_title_small  ' >Changement de serviettes tous les 2 jours<\/div><\/header><div class='iconlist_content ' ><\/div><\/div><footer class=\"entry-footer\"><\/footer><\/article><div class=\"iconlist-timeline\"><\/div><\/li>\n<li><div class='iconlist_icon av-4oxzm4-8a52153c4991a4a1de96b36d80cd150d avia-font-entypo-fontello avia-iconfont avia-font-entypo-fontello'><span class='av-icon-char' data-av_icon='\ue838' data-av_iconfont='entypo-fontello' aria-hidden=\"true\"><\/span><\/div><article class=\"article-icon-entry av-iconlist-empty\" ><div class=\"iconlist_content_wrap\"><header class=\"entry-content-header\" aria-label=\"Ic\u00f4ne : Possibilit\u00e9 d\u2019envoi et de r\u00e9ception de fax\"><div class='av_iconlist_title iconlist_title_small  ' >Possibilit\u00e9 d\u2019envoi et de r\u00e9ception de fax<\/div><\/header><div class='iconlist_content ' ><\/div><\/div><footer class=\"entry-footer\"><\/footer><\/article><div class=\"iconlist-timeline\"><\/div><\/li>\n<\/ul><\/div><\/p>\n<\/div><\/div><\/div>\n","protected":false},"excerpt":{"rendered":"","protected":false},"author":1,"featured_media":0,"parent":0,"menu_order":0,"comment_status":"closed","ping_status":"closed","template":"","meta":{"_seopress_robots_primary_cat":"","_seopress_titles_title":"Services | Glyfada Naxos","_seopress_titles_desc":"Voir nos services. Laissez-nous vous g\u00e2ter avec nos services et commodit\u00e9s","_seopress_robots_index":"","footnotes":""},"class_list":["post-1292","page","type-page","status-publish","hentry"],"_links":{"self":[{"href":"https:\/\/www.glyfada-naxos.com\/fr\/wp-json\/wp\/v2\/pages\/1292","targetHints":{"allow":["GET"]}}],"collection":[{"href":"https:\/\/www.glyfada-naxos.com\/fr\/wp-json\/wp\/v2\/pages"}],"about":[{"href":"https:\/\/www.glyfada-naxos.com\/fr\/wp-json\/wp\/v2\/types\/page"}],"author":[{"embeddable":true,"href":"https:\/\/www.glyfada-naxos.com\/fr\/wp-json\/wp\/v2\/users\/1"}],"replies":[{"embeddable":true,"href":"https:\/\/www.glyfada-naxos.com\/fr\/wp-json\/wp\/v2\/comments?post=1292"}],"version-history":[{"count":3,"href":"https:\/\/www.glyfada-naxos.com\/fr\/wp-json\/wp\/v2\/pages\/1292\/revisions"}],"predecessor-version":[{"id":11959,"href":"https:\/\/www.glyfada-naxos.com\/fr\/wp-json\/wp\/v2\/pages\/1292\/revisions\/11959"}],"wp:attachment":[{"href":"https:\/\/www.glyfada-naxos.com\/fr\/wp-json\/wp\/v2\/media?parent=1292"}],"curies":[{"name":"wp","href":"https:\/\/api.w.org\/{rel}","templated":true}]}}