{"id":1280,"date":"2017-01-30T18:49:16","date_gmt":"2017-01-30T16:49:16","guid":{"rendered":"https:\/\/glyfada-naxos.com\/?page_id=1280\/"},"modified":"2019-09-13T19:25:38","modified_gmt":"2019-09-13T16:25:38","slug":"umgebung","status":"publish","type":"page","link":"https:\/\/www.glyfada-naxos.com\/de\/umgebung\/","title":{"rendered":"Umgebung"},"content":{"rendered":"\n<style type=\"text\/css\" data-created_by=\"avia_inline_auto\" id=\"style-css-av-av_section-50edffa1ab11f9ba3b7e32ae83e39456\">\n.avia-section.av-av_section-50edffa1ab11f9ba3b7e32ae83e39456{\nbackground-repeat:no-repeat;\nbackground-image:url(https:\/\/www.glyfada-naxos.com\/wp-content\/uploads\/Glyfada_Panorama.jpg);\nbackground-position:100% 50%;\nbackground-attachment:scroll;\n}\n<\/style>\n<div id='av_section_1'  class='avia-section av-av_section-50edffa1ab11f9ba3b7e32ae83e39456 main_color avia-section-default avia-no-shadow  avia-builder-el-0  el_before_av_section  avia-builder-el-first  avia-full-stretch avia-bg-style-scroll av-minimum-height av-minimum-height-50 av-height-50  container_wrap fullsize'  data-section-bg-repeat='stretch' data-av_minimum_height_pc='50' data-av_min_height_opt='50'><div class='container av-section-cont-open' ><main  class='template-page content  av-content-full alpha units'><div class='post-entry post-entry-type-page post-entry-1280'><div class='entry-content-wrapper clearfix'>\n<\/div><\/div><\/main><!-- close content main element --><\/div><\/div>\n<style type=\"text\/css\" data-created_by=\"avia_inline_auto\" id=\"style-css-av-av_section-13149e26a802f479e805906e750c1fd2\">\n.avia-section.av-av_section-13149e26a802f479e805906e750c1fd2{\nbackground-repeat:no-repeat;\nbackground-image:url(https:\/\/www.glyfada-naxos.com\/wp-content\/uploads\/2015\/07\/ornament-bg-top-small-1.png);\nbackground-position:50% 0%;\nbackground-attachment:scroll;\n}\n<\/style>\n<div id='av_section_2'  class='avia-section av-av_section-13149e26a802f479e805906e750c1fd2 main_color avia-section-huge avia-no-border-styling  avia-builder-el-1  el_after_av_section  el_before_av_textblock  avia-full-contain avia-bg-style-scroll container_wrap fullsize'  data-section-bg-repeat='contain'><div class='container av-section-cont-open' ><div class='template-page content  av-content-full alpha units'><div class='post-entry post-entry-type-page post-entry-1280'><div class='entry-content-wrapper clearfix'>\n\n<style type=\"text\/css\" data-created_by=\"avia_inline_auto\" id=\"style-css-av-av_one_full-89af03f15cbb825a8bac39de208cf7b7\">\n#top .flex_column.av-av_one_full-89af03f15cbb825a8bac39de208cf7b7{\nmargin-top:-200px;\nmargin-bottom:0px;\n}\n.flex_column.av-av_one_full-89af03f15cbb825a8bac39de208cf7b7{\nborder-radius:0px 0px 0px 0px;\npadding:30px 30px 30px 30px;\nbackground-color:#ffffff;\n}\n.responsive #top #wrap_all .flex_column.av-av_one_full-89af03f15cbb825a8bac39de208cf7b7{\nmargin-top:-200px;\nmargin-bottom:0px;\n}\n<\/style>\n<div  class='flex_column av-av_one_full-89af03f15cbb825a8bac39de208cf7b7 av_one_full  avia-builder-el-2  el_before_av_one_full  avia-builder-el-first  first flex_column_div  '     ><p>\n<style type=\"text\/css\" data-created_by=\"avia_inline_auto\" id=\"style-css-av-av_heading-e225766235d714d34f6fe053fae0190c\">\n#top .av-special-heading.av-av_heading-e225766235d714d34f6fe053fae0190c{\npadding-bottom:20px;\nfont-size:40px;\n}\nbody .av-special-heading.av-av_heading-e225766235d714d34f6fe053fae0190c .av-special-heading-tag .heading-char{\nfont-size:25px;\n}\n#top #wrap_all .av-special-heading.av-av_heading-e225766235d714d34f6fe053fae0190c .av-special-heading-tag{\nfont-size:40px;\n}\n.av-special-heading.av-av_heading-e225766235d714d34f6fe053fae0190c .av-subheading{\nfont-size:15px;\n}\n\n@media only screen and (min-width: 480px) and (max-width: 767px){ \n#top #wrap_all .av-special-heading.av-av_heading-e225766235d714d34f6fe053fae0190c .av-special-heading-tag{\nfont-size:0.8em;\n}\n}\n\n@media only screen and (max-width: 479px){ \n#top #wrap_all .av-special-heading.av-av_heading-e225766235d714d34f6fe053fae0190c .av-special-heading-tag{\nfont-size:0.8em;\n}\n}\n<\/style>\n<div  class='av-special-heading av-av_heading-e225766235d714d34f6fe053fae0190c av-special-heading-h1 blockquote modern-quote modern-centered  avia-builder-el-3  el_before_av_hr  avia-builder-el-first  av-inherit-size'><h1 class='av-special-heading-tag '  >Glyfada Beach-Naxos Griechenland-Ort<\/h1><div class=\"special-heading-border\"><div class=\"special-heading-inner-border\"><\/div><\/div><\/div><br \/>\n\n<style type=\"text\/css\" data-created_by=\"avia_inline_auto\" id=\"style-css-av-av_hr-f2bf380455ffa54c3a6ba9a90626ad04\">\n#top .hr.av-av_hr-f2bf380455ffa54c3a6ba9a90626ad04{\nmargin-top:30px;\nmargin-bottom:30px;\n}\n.hr.av-av_hr-f2bf380455ffa54c3a6ba9a90626ad04 .hr-inner{\nwidth:50px;\nmax-width:45%;\n}\n.hr.av-av_hr-f2bf380455ffa54c3a6ba9a90626ad04 .av-seperator-icon{\ncolor:#8dc2db;\n}\n.hr.av-av_hr-f2bf380455ffa54c3a6ba9a90626ad04 .av-seperator-icon.avia-svg-icon svg:first-child{\nfill:#8dc2db;\nstroke:#8dc2db;\n}\n<\/style>\n<div  class='hr av-av_hr-f2bf380455ffa54c3a6ba9a90626ad04 hr-custom  avia-builder-el-4  el_after_av_heading  avia-builder-el-last  hr-center hr-icon-yes'><span class='hr-inner inner-border-av-border-thin'><span class=\"hr-inner-style\"><\/span><\/span><span class='av-seperator-icon avia-iconfont avia-font-entypo-fontello' data-av_icon='\ue8ce' data-av_iconfont='entypo-fontello' ><\/span><span class='hr-inner inner-border-av-border-thin'><span class=\"hr-inner-style\"><\/span><\/span><\/div><\/p><\/div>\n<style type=\"text\/css\" data-created_by=\"avia_inline_auto\" id=\"style-css-av-av_one_full-5cf06b61fb0ae79c739100d63f487f0c\">\n.flex_column.av-av_one_full-5cf06b61fb0ae79c739100d63f487f0c{\nborder-radius:0px 0px 0px 0px;\npadding:0px 0px 0px 0px;\n}\n<\/style>\n<div  class='flex_column av-av_one_full-5cf06b61fb0ae79c739100d63f487f0c av_one_full  avia-builder-el-5  el_after_av_one_full  avia-builder-el-last  first flex_column_div av-animated-generic bottom-to-top av-zero-column-padding  column-top-margin'     ><section  class='av_textblock_section av-av_textblock-0366cc7376be6c9e82a3e9cc8987b64f '  ><div class='avia_textblock' ><h3 style=\"text-align: center;\">Glyfada Beach befindet sich auf der Insel Naxos.<\/h3>\n<p>Im Herzen der Kykladen liegt Naxos, das gr\u00f6\u00dfte und sch\u00f6nste Eiland der Inselgruppe.<\/p>\n<p>Bereits bei der Einfahrt in den Hafen nimmt die Insel des Dionysos und der Ariadne sofort durch ihre beeeindruckenste Sehensw\u00fcrdigkeit, der Portara, jeden geschichtsinteressierten Besucher f\u00fcr sich ein, und gibt ihm das Versprechen auf Ausfl\u00fcge von reichem arch\u00e4ologischem Interesse.<\/p>\n<p>Naxos ist stets bem\u00fcht die Traditionen, Sitten und Br\u00e4uche zu bewahren und mit Leben zu f\u00fcllen. W\u00e4hrend der Sommermonate werden diese durch Auff\u00fchrungen, Festivals und \u00f6rtliche Feste in der Inselhauptstadt und vielen Inseld\u00f6rfern auch den Besuchern zug\u00e4nglich gemacht.<\/p>\n<p>Durch ihre geografische Lage und dem milden Klima ist die Insel mit reichhaltiger Land- und Viehwirtschaft ausgestattet. Damit unzertrennlich verbunden ist ihre hochwertige Gastronomie mit ihren ber\u00fchmten \u00f6rtlichen Produkten (Kartoffeln, naxiotische K\u00e4se, Oliven\u00f6l, \u00f6rtliche Lik\u00f6re, Raki und vieles andere mehr), die es verdienen jedem Besucher zu munden.<\/p>\n<p>Durch ihre Kombination von Bergen und Meer ist Naxos ein ansprechendes Reiseziel f\u00fcr jeden Naturliebhaber. Sowohl die Besucher, die Momente der Entspannung und Ruhe erleben wollen, als auch jene, die Aktivit\u00e4ten und Unternehmungen lieben, werden von ihren malerischen D\u00f6rfern und ihren bezaubernden Str\u00e4nden, die sich \u00fcber die gesamte L\u00e4nge der Insel erstrecken, gleicherma\u00dfen beeindruckt sein.<\/p>\n<p>Viele der Str\u00e4nde sind gut organisiert f\u00fcr diejenigen, die Strandb\u00e4der bevorzugen, andere sind von unber\u00fchrter exotischer Sch\u00f6nheit, die den Traum der \u201eBlauen See\u201c wahr werden lassen.<\/p>\n<p>Eine besondere Stellung auf der Insel nimmt der Strand von Glyfada ein, wo das blaugr\u00fcne Wasser und der goldwei\u00dfe Strandsand Jung und Alt bezaubern.<\/p>\n<p>Der Strand von Glyfada liegt im s\u00fcdlichen Teil der Insel, etwa 17 km von der Inselhauptstadt entfernt und ist Anziehungspunkt f\u00fcr die Liebhaber des Kite- und Windsurfens. Seine ausgesprochen sch\u00f6ne und ruhige Lage macht ihn zu einem festen Ziel der Familien, die einen erholsamen und sorgenfreien Urlaub w\u00fcnschen.<\/p>\n<\/div><\/section><\/div>\n<\/div><\/div><\/div><!-- close content main div --><\/div><\/div><div id='after_section_2'  class='main_color av_default_container_wrap container_wrap fullsize'  ><div class='container av-section-cont-open' ><div class='template-page content  av-content-full alpha units'><div class='post-entry post-entry-type-page post-entry-1280'><div class='entry-content-wrapper clearfix'>\n<section  class='av_textblock_section av-k0ibw4il-ed73cfc1addc6f8df015d902fdb06320 '  ><div class='avia_textblock' ><p><iframe loading=\"lazy\" src=\"https:\/\/www.google.com\/maps\/embed?pb=!1m14!1m8!1m3!1d12746.139549330846!2d25.3917189!3d36.9970339!3m2!1i1024!2i768!4f13.1!3m3!1m2!1s0x0%3A0xee8e9194c99b00df!2sGlyfada%20Naxos%20Apartments%20%26%20Restaurant!5e0!3m2!1sen!2sgr!4v1568391446489!5m2!1sen!2sgr\" width=\"1500\" height=\"600\" frameborder=\"0\" style=\"border:0;\" allowfullscreen=\"\"><\/iframe><\/p>\n<\/div><\/section>\n","protected":false},"excerpt":{"rendered":"","protected":false},"author":1,"featured_media":0,"parent":0,"menu_order":0,"comment_status":"closed","ping_status":"closed","template":"","meta":{"_seopress_robots_primary_cat":"","_seopress_titles_title":"Umgebung | Glyfada Naxos","_seopress_titles_desc":"Glyfada Beach befindet sich auf der Insel Naxos.\r\nIm Herzen der Kykladen liegt Naxos, das gr\u00f6\u00dfte und sch\u00f6nste Eiland der Inselgruppe.","_seopress_robots_index":"","footnotes":""},"class_list":["post-1280","page","type-page","status-publish","hentry"],"_links":{"self":[{"href":"https:\/\/www.glyfada-naxos.com\/de\/wp-json\/wp\/v2\/pages\/1280","targetHints":{"allow":["GET"]}}],"collection":[{"href":"https:\/\/www.glyfada-naxos.com\/de\/wp-json\/wp\/v2\/pages"}],"about":[{"href":"https:\/\/www.glyfada-naxos.com\/de\/wp-json\/wp\/v2\/types\/page"}],"author":[{"embeddable":true,"href":"https:\/\/www.glyfada-naxos.com\/de\/wp-json\/wp\/v2\/users\/1"}],"replies":[{"embeddable":true,"href":"https:\/\/www.glyfada-naxos.com\/de\/wp-json\/wp\/v2\/comments?post=1280"}],"version-history":[{"count":1,"href":"https:\/\/www.glyfada-naxos.com\/de\/wp-json\/wp\/v2\/pages\/1280\/revisions"}],"predecessor-version":[{"id":8164,"href":"https:\/\/www.glyfada-naxos.com\/de\/wp-json\/wp\/v2\/pages\/1280\/revisions\/8164"}],"wp:attachment":[{"href":"https:\/\/www.glyfada-naxos.com\/de\/wp-json\/wp\/v2\/media?parent=1280"}],"curies":[{"name":"wp","href":"https:\/\/api.w.org\/{rel}","templated":true}]}}